{"id":5821,"date":"2021-10-26T16:51:46","date_gmt":"2021-10-26T14:51:46","guid":{"rendered":"https:\/\/bernina.ultraks.com\/?page_id=5821"},"modified":"2022-03-22T12:21:17","modified_gmt":"2022-03-22T11:21:17","slug":"travel-accomodation","status":"publish","type":"page","link":"https:\/\/bernina.ultraks.com\/en\/travel-accomodation\/","title":{"rendered":"Travel &#038; Accomodation"},"content":{"rendered":"\n<div style=\"height:20px\" aria-hidden=\"true\" class=\"wp-block-spacer\"><\/div>\n\n\n\n<hr class=\"wp-block-separator is-style-wide\"\/>\n\n\n\n<div class=\"wp-block-columns is-layout-flex wp-container-core-columns-is-layout-9d6595d7 wp-block-columns-is-layout-flex\">\n<div class=\"wp-block-column is-layout-flow wp-block-column-is-layout-flow\">\n<div class=\"wp-block-image\"><figure class=\"aligncenter size-large\"><img loading=\"lazy\" decoding=\"async\" width=\"100\" height=\"100\" src=\"https:\/\/bernina.ultraks.com\/wp-content\/uploads\/2020\/06\/icon-travel.png\" alt=\"\" class=\"wp-image-1563\"\/><\/figure><\/div>\n\n\n\n<h2 class=\"has-text-align-center wp-block-heading\">Location<\/h2>\n\n\n\n<p class=\"has-text-align-center has-medium-font-size\">Many ways lead to Pontresina! The town is located in the Upper Engadine, in the triangle between Zurich, Milan and Munich. You can reach the ULTRAKS location comfortably with the Rhaetian Railway, via the well-developed road network or by air.<\/p>\n<\/div>\n\n\n\n<div class=\"wp-block-column is-layout-flow wp-block-column-is-layout-flow\">\n<div class=\"wp-block-image\"><figure class=\"aligncenter size-large\"><img loading=\"lazy\" decoding=\"async\" width=\"100\" height=\"100\" src=\"https:\/\/bernina.ultraks.com\/wp-content\/uploads\/2020\/06\/icon-parking.png\" alt=\"\" class=\"wp-image-1565\"\/><\/figure><\/div>\n\n\n\n<h2 class=\"has-text-align-center wp-block-heading\">Parking Facility<\/h2>\n\n\n\n<p class=\"has-text-align-center has-medium-font-size\">Pontresina has two modern public parking garages, &#8220;Rondo&#8221; and &#8220;Mulin&#8221;, as well as numerous other public parking spaces. These are located within walking distance of the Rondo and the associated UltraksZone.weitere \u00f6ffentliche Parkpl\u00e4tze. Diese befinden sich fu\u00dfl\u00e4ufig zum Rondo und der dazugeh\u00f6rigen UltraksZone. <\/p>\n<\/div>\n<\/div>\n\n\n\n<hr class=\"wp-block-separator is-style-wide\"\/>\n\n\n\n<p><\/p>\n\n\n\n<div style=\"height:36px\" aria-hidden=\"true\" class=\"wp-block-spacer\"><\/div>\n\n\n\n<div class=\"wp-block-group travel-car\"><div class=\"wp-block-group__inner-container is-layout-flow wp-block-group-is-layout-flow\">\n<h2 class=\"has-text-align-center wp-block-heading\">Arriving by car<\/h2>\n\n\n\n<p class=\"has-text-align-center has-medium-font-size\">Pontresina can be reached comfortably and safely from northern Switzerland, Ticino, Italy or Austria on well-maintained Alpine roads. From Zurich you travel in 2.5 hours, from Milan in 3.5 hours and from Munich in 4 hours.<\/p>\n\n\n\n<p class=\"has-text-align-center has-medium-font-size\">You can reach the valley via the Maloja, Julier, Ofen or Bernina passes.<\/p>\n<\/div><\/div>\n\n\n\n<div style=\"height:36px\" aria-hidden=\"true\" class=\"wp-block-spacer\"><\/div>\n\n\n\n<hr class=\"wp-block-separator is-style-wide\"\/>\n\n\n\n<div style=\"height:36px\" aria-hidden=\"true\" class=\"wp-block-spacer\"><\/div>\n\n\n\n<div class=\"wp-block-group travel-train\"><div class=\"wp-block-group__inner-container is-layout-flow wp-block-group-is-layout-flow\">\n<h2 class=\"has-text-align-center wp-block-heading\">Arriving by train<\/h2>\n\n\n\n<p class=\"has-medium-font-size\">The SBB (Swiss Federal Railways) will bring you comfortably and reliably from the traffic hub Zurich to Chur with modern intercity trains. From the capital of Graub\u00fcnden, the Rhaetian Railway&#8217;s rail routes into the Upper Engadine, with their helical tunnels and dizzying viaducts, are among the most picturesque and interesting in all of Europe. The UNESCO World Heritage label and famous railroad classics such as the Glacier Express and Bernina Express speak for themselves.<\/p>\n\n\n\n<p class=\"has-medium-font-size\">More information <a href=\"https:\/\/www.sbb.ch\/en\/home.html\">here<\/a>.<\/p>\n\n\n\n<p><\/p>\n<\/div><\/div>\n\n\n\n<div style=\"height:36px\" aria-hidden=\"true\" class=\"wp-block-spacer\"><\/div>\n\n\n\n<hr class=\"wp-block-separator is-style-wide\"\/>\n\n\n\n<div style=\"height:36px\" aria-hidden=\"true\" class=\"wp-block-spacer\"><\/div>\n\n\n\n<h2 class=\"has-text-align-center wp-block-heading\">Find your accommodation<\/h2>\n\n\n\n<div class=\"wp-block-group travel-plane\"><div class=\"wp-block-group__inner-container is-layout-flow wp-block-group-is-layout-flow\">\n<p><\/p>\n<\/div><\/div>\n\n\n\n <div class=\"brlbs-cmpnt-container brlbs-cmpnt-content-blocker brlbs-cmpnt-with-individual-styles\" data-borlabs-cookie-content-blocker-id=\"default\" data-borlabs-cookie-content=\"PGlmcmFtZSBzcmM9Imh0dHBzOi8vYm9va2luZy5lbmdhZGluLmNoL2VuL2FjY29tbW9kYXRpb25zL2hvdGVscz9hbXAlM0JfZ2E9Mi4xODg0MDMzMDcuMjcwMzM0MTI1LjE2MzUxNTc2NjAtMTQwMjAxMzE5NC4xNjM1MTU3NjYwJmFtcCUzQnBsYWNlcyU1QjAlNUQ9MTAvZW1iZWQiIG5hbWU9ImlGcmFtZSIgdGl0bGU9IlVudGVya8O8bmZ0ZSIgc3R5bGU9ImJhY2tncm91bmQtY29sb3I6IHdoaXRlOyIgd2lkdGg9IjEwMCUiIGhlaWdodD0iMTIwMCI+PC9pZnJhbWU+\"><div class=\"brlbs-cmpnt-cb-preset-a\"> <p class=\"brlbs-cmpnt-cb-description\">Sie sehen gerade einen Platzhalterinhalt von <strong>Standard<\/strong>. Um auf den eigentlichen Inhalt zuzugreifen, klicken Sie auf die Schaltfl\u00e4che unten. Bitte beachten Sie, dass dabei Daten an Drittanbieter weitergegeben werden.<\/p> <div class=\"brlbs-cmpnt-cb-buttons\"> <a class=\"brlbs-cmpnt-cb-btn\" href=\"#\" data-borlabs-cookie-unblock role=\"button\">Inhalt entsperren<\/a> <a class=\"brlbs-cmpnt-cb-btn\" href=\"#\" data-borlabs-cookie-accept-service role=\"button\" style=\"display: none\">Erforderlichen Service akzeptieren und Inhalte entsperren<\/a> <\/div> <a class=\"brlbs-cmpnt-cb-provider-toggle\" href=\"#\" data-borlabs-cookie-show-provider-information role=\"button\">Mehr Informationen<\/a> <\/div><\/div>\n\n\n\n<p><\/p>\n","protected":false},"excerpt":{"rendered":"Location Many ways lead to Pontresina! The town is located in the Upper Engadine, in the triangle between Zurich, Milan and Munich. You can reach the ULTRAKS location comfortably with the Rhaetian Railway, via the well-developed road network or by air. Parking Facility Pontresina has two modern public parking garages, &#8220;Rondo&#8221; and &#8220;Mulin&#8221;, as well","protected":false},"author":5,"featured_media":5631,"parent":0,"menu_order":32,"comment_status":"closed","ping_status":"closed","template":"","meta":{"_acf_changed":false,"om_disable_all_campaigns":false,"_monsterinsights_skip_tracking":false,"_monsterinsights_sitenote_active":false,"_monsterinsights_sitenote_note":"","_monsterinsights_sitenote_category":0,"footnotes":""},"class_list":["post post-type-page post-view- post-scope-","status-publish","has-post-thumbnail","clear"],"acf":[],"aioseo_notices":[],"_links":{"self":[{"href":"https:\/\/bernina.ultraks.com\/en\/wp-json\/wp\/v2\/pages\/5821","targetHints":{"allow":["GET"]}}],"collection":[{"href":"https:\/\/bernina.ultraks.com\/en\/wp-json\/wp\/v2\/pages"}],"about":[{"href":"https:\/\/bernina.ultraks.com\/en\/wp-json\/wp\/v2\/types\/page"}],"author":[{"embeddable":true,"href":"https:\/\/bernina.ultraks.com\/en\/wp-json\/wp\/v2\/users\/5"}],"replies":[{"embeddable":true,"href":"https:\/\/bernina.ultraks.com\/en\/wp-json\/wp\/v2\/comments?post=5821"}],"version-history":[{"count":3,"href":"https:\/\/bernina.ultraks.com\/en\/wp-json\/wp\/v2\/pages\/5821\/revisions"}],"predecessor-version":[{"id":6411,"href":"https:\/\/bernina.ultraks.com\/en\/wp-json\/wp\/v2\/pages\/5821\/revisions\/6411"}],"wp:featuredmedia":[{"embeddable":true,"href":"https:\/\/bernina.ultraks.com\/en\/wp-json\/wp\/v2\/media\/5631"}],"wp:attachment":[{"href":"https:\/\/bernina.ultraks.com\/en\/wp-json\/wp\/v2\/media?parent=5821"}],"curies":[{"name":"wp","href":"https:\/\/api.w.org\/{rel}","templated":true}]}}