{"id":3055,"date":"2020-05-25T15:37:58","date_gmt":"2020-05-25T13:37:58","guid":{"rendered":"https:\/\/bernina.ultraks.com\/bernina\/"},"modified":"2022-03-22T12:21:17","modified_gmt":"2022-03-22T11:21:17","slug":"bernina","status":"publish","type":"page","link":"https:\/\/bernina.ultraks.com\/it\/bernina\/","title":{"rendered":"Pontresina"},"content":{"rendered":"\n\t<div id=\"block_5ee090e61948c\" class=\"wp-block-intro  \">\n\t\t<div class=\"wp-block-intro__inner-container parallax-section\">\n\t\t\t\n\t\t\t<div class=\"field field-title\">\n\t\t\t\t\t\t\t\t\t<div class=\"bg-image bg-image-1-1-small bg-image-4-3-medium bg-image-16-9-large bg-image-16-9-max parallax-object\" data-parallax-property=\"background\" style=\"background-image:url(https:\/\/bernina.ultraks.com\/wp-content\/uploads\/2020\/06\/xcgrojv17g0mi4tubeda_prvw_68701-e1592592042905.jpg);\"><\/div>\n\t\t\t\t\t\t\t\n\t\t\t\t<div class=\"block-flex-wrapper\">\n\t\t\t\t\t<div class=\"inner max-width\">\n\t\t\t\t\t\t<h1 class=\"title page-title\">\n\t\t\t\t\t\t\t<span>Pontresina<\/span>\n\t\t\t\t\t\t<\/h1>\n\t\t\t\t\t\t\n\t\t\t\t\t\t\t\t\t\t\t\t\t<div class=\"field field-intro has-large-font-size\">\n\t\t\t\t\t\t\t\t<p>Il luogo dove godersi le Alpi dell\u2019Alta Engadina: Pontresina<\/p>\n<p>L&#8217;Engadina, una valle lunga circa 80 km nel Cantone dei Grigioni, \u00e8 il luogo ideale per sportivi e avventurieri. Un luogo di ispirazione e di tranquillit\u00e0. Con la sua natura intatta e un\u2019ampia variet\u00e0 di attrazioni culturali, \u00e8 una delle valli abitate pi\u00f9 alte d\u2019Europa.<\/p>\n\t\t\t\t\t\t\t<\/div>\n\t\t\t\t\t\t\t\t\t\t\t\t\n\t\t\t\t\t\t<div class=\"list list-blocks list-2 no-list-gutter clear\">\n\t\t\t\t\t\t\t\t\t\t\t\t\t\t\t<div class=\"list-item item-image\">\n\t\t\t\t\t\t\t\t\t<div class=\"responsive-container responsive-container-2-1 hide-small hide-medium\"><\/div>\n\t\t\t\t\t\t\t\t\t<div class=\"bg-image bg-image-1-1\" style=\"background-image:url(https:\/\/bernina.ultraks.com\/wp-content\/uploads\/2020\/06\/ege7x3iaem6lgsy084j8_prvw_51019.jpg);\"><\/div>\n\t\t\t\t\t\t\t\t<\/div>\n\t\t\t\t\t\t\t\t\t\t\t\t\t\t\n\t\t\t\t\t\t\t\t\t\t\t\t\t\t\t<div class=\"list-item item-text\">\n\t\t\t\t\t\t\t\t\t<div class=\"field field-text parallax-object\">\n\t\t\t\t\t\t\t\t\t\t<div class=\"inner\">\n\t\t\t\t\t\t\t\t\t\t\t<p>L&#8217;Engadina si divide in Alta Engadina e Bassa Engadina. L&#8217;Alta Engadina affascina per i suoi numerosi e rinomati comprensori sciistici intorno a St. Moritz (Corviglia, Corvatsch, Diavolezza) e per i suoi paesaggi mozzafiato.<\/p>\n<p>&nbsp;<\/p>\n<p>Lo storico villaggio montano di Pontresina, punto di partenza e di arrivo delle Bernina Ultraks, si trova a 1.805 metri in una valle laterale dell&#8217;Alta Engadina. Questa famosa localit\u00e0 turistica \u00e8 situata ai piedi del massiccio del Bernina ed \u00e8 circondata dalle due cime pi\u00f9 famose dell&#8217;Engadina: il Pizzo Pal\u00fc e il Pizzo Bernina. Quest&#8217;ultimo, con i suoi 4.049 m, \u00e8 la vetta pi\u00f9 alta delle Alpi orientali.<\/p>\n<p>A Pontresina troverai tranquillit\u00e0, ma anche attrazioni e attivit\u00e0 di vario tipo. Il fascino delle case tradizionali engadinesi e l&#8217;eleganza dei grandi hotel della &#8220;Belle Epoque&#8221; riportano i visitatori indietro nel tempo.\u00a0 Grazie al suo fascino architettonico e alla bellezza della natura, Pontresina \u00e8 una destinazione unica ed imperdibile.<\/p>\n<p>A Pontresina, il ghiaccio perenne lo trovi davanti alla porta dell\u2019hotel.\u00a0 Dei 173 ghiacciai che coprono le vette pi\u00f9 alte delle Alpi orientali, l&#8217;indiscusso numero uno \u00e8 il ghiacciaio del Morteratsch. Con i suoi sette chilometri, il Morteratsch \u00e8 il ghiacciaio pi\u00f9 grande dell&#8217;Engadina.<\/p>\n<p>maggiori informazioni su: <a href=\"https:\/\/www.pontresina.ch\" target=\"_blank\" rel=\"noopener\"><strong>https:\/\/www.pontresina.ch<\/strong><\/a><\/p>\n\t\t\t\t\t\t\t\t\t\t<\/div>\n\t\t\t\t\t\t\t\t\t<\/div>\n\t\t\t\t\t\t\t\t<\/div>\n\t\t\t\t\t\t\t\t\t\t\t\t\t<\/div>\n\t\t\t\t\t\t\n\t\t\t\t\t<\/div>\n\t\t\t\t<\/div>\n\t\t\t<\/div>\n\t\t\t\n\t\t\t\n\t\t<\/div>\n\t<\/div>\n\n\n\n<div style=\"height:36px\" aria-hidden=\"true\" class=\"wp-block-spacer\"><\/div>\n\n\n\n<hr class=\"wp-block-separator is-style-wide\"\/>\n\n\n\n<div class=\"wp-block-columns is-layout-flex wp-container-core-columns-is-layout-9d6595d7 wp-block-columns-is-layout-flex\">\n<div class=\"wp-block-column is-layout-flow wp-block-column-is-layout-flow\">\n<div class=\"wp-block-image\"><figure class=\"aligncenter size-large\"><img loading=\"lazy\" decoding=\"async\" width=\"100\" height=\"100\" src=\"https:\/\/bernina.ultraks.com\/wp-content\/uploads\/2020\/06\/icon-parking.png\" alt=\"\" class=\"wp-image-1565\"\/><\/figure><\/div>\n\n\n\n<h2 class=\"has-text-align-center wp-block-heading\">Possibilit\u00e0 di parcheggio<\/h2>\n\n\n\n<p class=\"has-text-align-center has-small-font-size\">Pontresina dispone di due moderni parcheggi pubblici &#8220;Rondo&#8221; e &#8220;Mulin&#8221;, oltre a numerosi altri parcheggi pubblici. Questi si trovano a pochi passi dal Rondo e dalla relativa UltraksZone.<\/p>\n<\/div>\n\n\n\n<div class=\"wp-block-column is-layout-flow wp-block-column-is-layout-flow\">\n<div class=\"wp-block-image\"><figure class=\"aligncenter size-large\"><img loading=\"lazy\" decoding=\"async\" width=\"100\" height=\"100\" src=\"https:\/\/bernina.ultraks.com\/wp-content\/uploads\/2020\/06\/icon-travel.png\" alt=\"\" class=\"wp-image-1563\"\/><\/figure><\/div>\n\n\n\n<h2 class=\"has-text-align-center wp-block-heading\">Come arrivare<\/h2>\n\n\n\n<p class=\"has-text-align-center has-small-font-size\">Molte strade portano a Pontresina! Pontresina, si trova in Alta Engadina, nel triangolo tra Zurigo, Milano e Monaco. Puoi arrivarci comodamente in treno, in auto o in aereo.<\/p>\n<\/div>\n<\/div>\n\n\n\n<hr class=\"wp-block-separator is-style-wide\"\/>\n\n\n\n<div style=\"height:36px\" aria-hidden=\"true\" class=\"wp-block-spacer\"><\/div>\n\n\n\n<div class=\"wp-block-group travel-car\"><div class=\"wp-block-group__inner-container is-layout-flow wp-block-group-is-layout-flow\">\n<h2 class=\"has-text-align-center wp-block-heading\">IN AUTO<\/h2>\n\n\n\n<h4 class=\"has-text-align-center wp-block-heading\">Da tutte le direzioni<\/h4>\n\n\n\n<p class=\"has-text-align-center\">Pontresina pu\u00f2 essere raggiunta facilmente e in sicurezza dalla Svizzera settentrionale, dal Canton Ticino, dall&#8217;Italia e dall&#8217;Austria percorrendo agevoli strade alpine.&nbsp; La durata del viaggio \u00e8 di circa 2,5 ore da Zurigo, 3,5 ore da Milano e 4 ore da Monaco. \u00c8 possibile raggiungere la valle attraverso i passi Maloja, Julier, Ofen o Bernina.<\/p>\n<\/div><\/div>\n\n\n\n<div style=\"height:36px\" aria-hidden=\"true\" class=\"wp-block-spacer\"><\/div>\n\n\n\n<hr class=\"wp-block-separator is-style-wide\"\/>\n\n\n\n<div style=\"height:36px\" aria-hidden=\"true\" class=\"wp-block-spacer\"><\/div>\n\n\n\n<div class=\"wp-block-group travel-train\"><div class=\"wp-block-group__inner-container is-layout-flow wp-block-group-is-layout-flow\">\n<h2 class=\"has-text-align-center wp-block-heading\">IN TRENO<\/h2>\n\n\n\n<p class=\"has-text-align-center\">Comode e sicure, le FFS (Ferrovie Federali Svizzere) ti porteranno dallo svincolo ferroviario di Zurigo a Coira, a bordo di moderni treni intercity. Dal Cantone dei Grigioni, la rete ferroviaria raggiunge ogni angolo del paese. La Ferrovia Retica dell&#8217;Alta Engadina, con i suoi tunnel elicoidali e i vertiginosi viadotti, \u00e8 tra le reti ferroviarie pi\u00f9 pittoresche e interessanti d\u2019Europa. La nomina a patrimonio mondiale dell&#8217;UNESCO e i famosi classici come il Glacier Express e il Bernina Express dicono tutto sulla straordinariet\u00e0 e il fascino della Ferrovia Retica.<\/p>\n\n\n\n<p class=\"has-text-align-center\"><br>Per maggiorni informazioni clicca <a href=\"https:\/\/www.rhb.ch\"><em>qui<\/em><\/a>.<\/p>\n<\/div><\/div>\n\n\n\n<div class=\"wp-block-group travel-plane is-layout-flow wp-block-group-is-layout-flow\"><div class=\"wp-block-group__inner-container\"><\/div><\/div>\n","protected":false},"excerpt":{"rendered":"Possibilit\u00e0 di parcheggio Pontresina dispone di due moderni parcheggi pubblici &#8220;Rondo&#8221; e &#8220;Mulin&#8221;, oltre a numerosi altri parcheggi pubblici. Questi si trovano a pochi passi dal Rondo e dalla relativa UltraksZone. Come arrivare Molte strade portano a Pontresina! Pontresina, si trova in Alta Engadina, nel triangolo tra Zurigo, Milano e Monaco. Puoi arrivarci comodamente in","protected":false},"author":1,"featured_media":3057,"parent":0,"menu_order":37,"comment_status":"closed","ping_status":"closed","template":"page-templates\/page-intro.php","meta":{"_acf_changed":false,"om_disable_all_campaigns":false,"_monsterinsights_skip_tracking":false,"_monsterinsights_sitenote_active":false,"_monsterinsights_sitenote_note":"","_monsterinsights_sitenote_category":0,"footnotes":""},"class_list":["post post-type-page post-view- post-scope-","status-publish","has-post-thumbnail","clear"],"acf":[],"aioseo_notices":[],"_links":{"self":[{"href":"https:\/\/bernina.ultraks.com\/it\/wp-json\/wp\/v2\/pages\/3055","targetHints":{"allow":["GET"]}}],"collection":[{"href":"https:\/\/bernina.ultraks.com\/it\/wp-json\/wp\/v2\/pages"}],"about":[{"href":"https:\/\/bernina.ultraks.com\/it\/wp-json\/wp\/v2\/types\/page"}],"author":[{"embeddable":true,"href":"https:\/\/bernina.ultraks.com\/it\/wp-json\/wp\/v2\/users\/1"}],"replies":[{"embeddable":true,"href":"https:\/\/bernina.ultraks.com\/it\/wp-json\/wp\/v2\/comments?post=3055"}],"version-history":[{"count":7,"href":"https:\/\/bernina.ultraks.com\/it\/wp-json\/wp\/v2\/pages\/3055\/revisions"}],"predecessor-version":[{"id":6388,"href":"https:\/\/bernina.ultraks.com\/it\/wp-json\/wp\/v2\/pages\/3055\/revisions\/6388"}],"wp:featuredmedia":[{"embeddable":true,"href":"https:\/\/bernina.ultraks.com\/it\/wp-json\/wp\/v2\/media\/3057"}],"wp:attachment":[{"href":"https:\/\/bernina.ultraks.com\/it\/wp-json\/wp\/v2\/media?parent=3055"}],"curies":[{"name":"wp","href":"https:\/\/api.w.org\/{rel}","templated":true}]}}