{"id":6309,"date":"2021-11-09T10:21:03","date_gmt":"2021-11-09T09:21:03","guid":{"rendered":"https:\/\/bernina.ultraks.com\/?page_id=6309"},"modified":"2025-10-23T14:45:28","modified_gmt":"2025-10-23T12:45:28","slug":"govertical","status":"publish","type":"page","link":"https:\/\/bernina.ultraks.com\/it\/govertical\/","title":{"rendered":"GoVertical"},"content":{"rendered":"\n<div style=\"height:46px\" aria-hidden=\"true\" class=\"wp-block-spacer\"><\/div>\n\n\n\n<h2 class=\"wp-block-heading\">Rough, Tough, Rewarding                               <\/h2>\n\n\n\n<p class=\"has-medium-font-size\">La \u00abGoVertical\u00bb \u00e8 il preludio dello spettacolare weekend Bernina Ultraks di venerd\u00ec. Dopo la partenza nella zona Ultraks (parcheggio Bellavita), si entra direttamente nel paradiso degli stambecchi di Pontresina. In quest&#8217;area, a est del villaggio di montagna, vivono circa 1.800 stambecchi. Con un po&#8217; di fortuna, nei chilometri successivi si potr\u00e0 incontrare uno degli animali araldici dei Grigioni. Il Vertical conduce oltre la stazione a monte dell&#8217;Alp Languard nel massiccio delle Alpi di Livigno, fino al Piz Languard a oltre 3.200 metri. Si percorrono in totale 6,5 km e 1.400 hm fino alla vetta, guadagnando l&#8217;incredibile vista sul Gruppo del Bernina. Al Georgy&#8217;s H\u00fctte, il rifugio pi\u00f9 alto dei Grigioni, un meritato ristoro attende tutti i partecipanti.<\/p>\n\n\n\n<div style=\"height:100px\" aria-hidden=\"true\" class=\"wp-block-spacer\"><\/div>\n\n\n\n\t<div id=\"block_a2673366a8d7c233e597d0ec077d225f\" class=\"wp-block-slider  \">\n\t\t<div class=\"wp-block-slider__inner-container parallax-section\">\n\t\t\t\n\t\t\t\t\t\t\n\t\t\t\t\t\t\t<div class=\"owl-carousel owl-theme slider-stage\">\t\t\t\n\t\t\t\t\t\t\t\t\t\t\t<div class=\"slide\">\n\t\t\t\t\t\t\t\t\t\t\t\t\t\t\t<div class=\"bg-image bg-image-21-9 parallax-object\" data-parallax-property=\"background\" style=\"background-image: url(https:\/\/bernina.ultraks.com\/wp-content\/uploads\/2021\/10\/aw0i8431-1-1920x1280.jpg);\"><\/div>\n\t\t\t\t\t\t\t\t\t\t\t\t\t\t\n\t\t\t\t\t\t\t\n\t\t\t\t\t\t\t\n\t\t\t\t\t\t\t<div class=\"flex-wrapper\">\n\t\t\t\t\t\t\t\t<div class=\"inner\">\n\t\t\t\t\t\t\t\t\t\t\t\t\t\t\t\t\t\t\t\t\t\t\t\t\t\t\t\t\t<h2 class=\"bigger-fontsize\"><p>Ripido, pi\u00f9 ripido, GoVertical!<\/p>\n<\/h2>\n\t\t\t\t\t\t\t\t\t\t\t\t\t\t\t\t\t\t\t\n\t\t\t\t\t\t\t\t<\/div>\n\t\t\t\t\t\t\t<\/div>\n\t\t\t\t\t\t<\/div>\n\t\t\t\t\t\t\t\t\t<\/div>\n\t\t\t\t\n\t\t\t\t\t\t\t\t\t\t\t\t\t\t\t\t\n\t\t\t\t\t\t\t\t\t<script type='text\/javascript' charset='utf-8'>\n\t\t\t\t\t\tjQuery('document').ready(function($) {\t\t\t\t\t\t\t\n\t\t\t\t\t\t\tvar $owl = $('.wp-block-slider .slider-stage').owlCarousel({\n\t\t\t\t\t\t\t\titems: 1,\n\t\t\t\t\t\t\t\tdots: true,\n\t\t\t\t\t\t\t\tnav: false,\n\t\t\t\t\t\t\t\tnavText: ['<i class=\"fal fa-angle-left\">', '<i class=\"fal fa-angle-right\">'],\n\t\t\t\t\t\t\t\tloop: true,\n\t\t\t\t\t\t\t\tautoplay: true,\n\t\t\t\t\t\t\t\tautoplayTimeout: 5000,\n\t\t\t\t\t\t\t\tanimateIn: 'fadeIn',\n\t\t\t\t\t\t\t\tanimateOut: 'fadeOut',\n\t\t\t\t\t\t\t\tpullDrag: false,\n\t\t\t\t\t\t\t\tresponsive: {\n\t\t\t\t\t\t\t\t\t0 : {\n\t\t\t\t\t\t\t\t\t\tnav: false,\n\t\t\t\t\t\t\t\t\t},\n\t\t\t\t\t\t\t\t\t640 : {\n\t\t\t\t\t\t\t\t\t\tnav: true,\n\t\t\t\t\t\t\t\t\t}\n\t\t\t\t\t\t\t\t}\n\t\t\t\t\t\t\t});\n\t\t\t\t\t\t\t\n\t\t\t\t\t\t});\n\t\t\t\t\t<\/script>\n\t\t\t\t\t\t\t\n\t\t<\/div>\n\t<\/div>\n\n\n\n<div style=\"height:100px\" aria-hidden=\"true\" class=\"wp-block-spacer\"><\/div>\n\n\n\n<div class=\"wp-block-media-text alignwide has-media-on-the-right is-stacked-on-mobile\"><div class=\"wp-block-media-text__content\">\n<h2 class=\"wp-block-heading\">I fatti<\/h2>\n\n\n\n<h3 class=\"wp-block-heading\">1.400hm \/ 6,5km<\/h3>\n\n\n\n<ul class=\"wp-block-list has-medium-font-size\">\n<li>Venerd\u00ec 3 luglio 2026, ore 17:00<\/li>\n\n\n\n<li>Partenza: Pontresina: Zona Ultraks<\/li>\n\n\n\n<li>Arrivo: Piz Languard<\/li>\n\n\n\n<li>Distanza: 6,5 km<\/li>\n\n\n\n<li>Dislivello: 1.400 m<\/li>\n<\/ul>\n<\/div><figure class=\"wp-block-media-text__media\"><img loading=\"lazy\" decoding=\"async\" width=\"1024\" height=\"1024\" src=\"https:\/\/bernina.ultraks.com\/wp-content\/uploads\/2021\/10\/zeichenflache-29-kopie-7bu_ultraks-1024x1024.png\" alt=\"\" class=\"wp-image-5229 size-full\" srcset=\"https:\/\/bernina.ultraks.com\/wp-content\/uploads\/2021\/10\/zeichenflache-29-kopie-7bu_ultraks-1024x1024.png 1024w, https:\/\/bernina.ultraks.com\/wp-content\/uploads\/2021\/10\/zeichenflache-29-kopie-7bu_ultraks-300x300.png 300w, https:\/\/bernina.ultraks.com\/wp-content\/uploads\/2021\/10\/zeichenflache-29-kopie-7bu_ultraks-150x150.png 150w, https:\/\/bernina.ultraks.com\/wp-content\/uploads\/2021\/10\/zeichenflache-29-kopie-7bu_ultraks-768x767.png 768w, https:\/\/bernina.ultraks.com\/wp-content\/uploads\/2021\/10\/zeichenflache-29-kopie-7bu_ultraks-480x480.png 480w, https:\/\/bernina.ultraks.com\/wp-content\/uploads\/2021\/10\/zeichenflache-29-kopie-7bu_ultraks.png 1081w\" sizes=\"auto, (max-width: 1024px) 100vw, 1024px\" \/><\/figure><\/div>\n\n\n\n<div style=\"height:100px\" aria-hidden=\"true\" class=\"wp-block-spacer\"><\/div>\n\n\n\n<h2 class=\"wp-block-heading\">Servizio per i corridori<\/h2>\n\n\n\n<p class=\"has-medium-font-size\"><strong>Trasporto bagagli:<\/strong> presso il Centro culturale Rondo, il venerd\u00ec fino alle 14.00, \u00e8 possibile lasciare i materiali e gli effetti personali dei partecipanti, che saranno trasportati alla Georgy&#8217;s H\u00fctte. Per il trasporto dei materiali \u00e8 previsto un supplemento di 10 franchi svizzeri. A causa delle condizioni meteorologiche, tuttavia, il volo di trasporto non pu\u00f2 essere garantito con certezza. \u00c8 possibile prenotare il trasporto dei bagagli durante la registrazione online.<br><strong>Servizio di seggiovia:<\/strong> dalle 19:30 alle 21:00 (dalle 20:30 in gruppo) sar\u00e0 offerta a tutti gli atleti una discesa in seggiovia dall&#8217;Alp Languard.<\/p>\n\n\n\n<div style=\"height:100px\" aria-hidden=\"true\" class=\"wp-block-spacer\"><\/div>\n\n\n\n<h2 class=\"wp-block-heading\">Profilo del percorso<\/h2>\n\n\n\n<figure class=\"wp-block-image size-large\"><img loading=\"lazy\" decoding=\"async\" width=\"1024\" height=\"724\" src=\"https:\/\/bernina.ultraks.com\/wp-content\/uploads\/2021\/06\/govertical_profil_mitstartziel_kk-01-1024x724.png\" alt=\"\" class=\"wp-image-4338\" srcset=\"https:\/\/bernina.ultraks.com\/wp-content\/uploads\/2021\/06\/govertical_profil_mitstartziel_kk-01-1024x724.png 1024w, https:\/\/bernina.ultraks.com\/wp-content\/uploads\/2021\/06\/govertical_profil_mitstartziel_kk-01-300x212.png 300w, https:\/\/bernina.ultraks.com\/wp-content\/uploads\/2021\/06\/govertical_profil_mitstartziel_kk-01-768x543.png 768w, https:\/\/bernina.ultraks.com\/wp-content\/uploads\/2021\/06\/govertical_profil_mitstartziel_kk-01-1536x1086.png 1536w, https:\/\/bernina.ultraks.com\/wp-content\/uploads\/2021\/06\/govertical_profil_mitstartziel_kk-01-2048x1448.png 2048w, https:\/\/bernina.ultraks.com\/wp-content\/uploads\/2021\/06\/govertical_profil_mitstartziel_kk-01-1920x1358.png 1920w\" sizes=\"auto, (max-width: 1024px) 100vw, 1024px\" \/><\/figure>\n\n\n\n <div class=\"brlbs-cmpnt-container brlbs-cmpnt-content-blocker brlbs-cmpnt-with-individual-styles\" data-borlabs-cookie-content-blocker-id=\"open-street-map\" data-borlabs-cookie-content=\"PGRpdiBpZD0ibWFwcy1tYXJrZXItcHJvLTI0MWMzOTdiIiBjbGFzcz0ibWFwcy1tYXJrZXItcHJvIj5DYXJpY2FtZW50byBkZWxsYSBtYXBwYSBpbiBjb3JzbywgYXR0ZW5kZXJlLi4uPC9kaXY+\"><div class=\"brlbs-cmpnt-cb-preset-b\"> <div class=\"brlbs-cmpnt-cb-thumbnail\" style=\"background-image: url('https:\/\/bernina.ultraks.com\/wp-content\/uploads\/borlabs-cookie\/1\/brlbs-cb-google-maps-main.png')\"><\/div> <div class=\"brlbs-cmpnt-cb-main\"> <div class=\"brlbs-cmpnt-cb-content\"> <p class=\"brlbs-cmpnt-cb-description\">Stai visualizzando un contenuto segnaposto da <strong>OpenStreetMap<\/strong>. Per accedere al contenuto effettivo, clicca sul pulsante sottostante. Si prega di notare che in questo modo si condividono i dati con provider di terze parti.<\/p> <a class=\"brlbs-cmpnt-cb-provider-toggle\" href=\"#\" data-borlabs-cookie-show-provider-information role=\"button\">Ulteriori informazioni<\/a> <\/div> <div class=\"brlbs-cmpnt-cb-buttons\"> <a class=\"brlbs-cmpnt-cb-btn\" href=\"#\" data-borlabs-cookie-unblock role=\"button\">Sblocca il contenuto<\/a> <a class=\"brlbs-cmpnt-cb-btn\" href=\"#\" data-borlabs-cookie-accept-service role=\"button\" style=\"display: inherit\">Accetta il servizio richiesto e sblocca i contenuti<\/a> <\/div> <\/div> <\/div><\/div>\n\n\n\n<div style=\"height:100px\" aria-hidden=\"true\" class=\"wp-block-spacer\"><\/div>\n\n\n\n<h2 class=\"wp-block-heading\">Impressioni<\/h2>\n\n\n\n\t<div id=\"block_e45f75c0b7743095fd6a08112520624d\" class=\"wp-block-imagegallery  \">\n\t\t<div class=\"wp-block-imagegallery__inner-container gallery-slider\">\n\t\t\t\t\t\t\n\t\t\t\t\t\t\t\n\t\t\t\t\t\t\t\t\n\t\t\t\t\t<div class=\"gallery-stage owl-carousel owl-theme\">\t\t\t\t\n\t\t\t\t\t\t\t\t\t\t\t\t\t<div class=\"bg-image\" style=\"background-image: url(https:\/\/bernina.ultraks.com\/wp-content\/uploads\/2021\/10\/aw0i8382-1024x683.jpg);\"><\/div>\n\t\t\t\t\t\t\t\t\t\t\t\t\t<div class=\"bg-image\" style=\"background-image: url(https:\/\/bernina.ultraks.com\/wp-content\/uploads\/2021\/10\/aw0i8454-1024x683.jpg);\"><\/div>\n\t\t\t\t\t\t\t\t\t\t\t\t\t<div class=\"bg-image\" style=\"background-image: url(https:\/\/bernina.ultraks.com\/wp-content\/uploads\/2021\/10\/aw0i8419-683x1024.jpg);\"><\/div>\n\t\t\t\t\t\t\t\t\t\t\t\t\t<div class=\"bg-image\" style=\"background-image: url(https:\/\/bernina.ultraks.com\/wp-content\/uploads\/2021\/10\/aw0i8401-1024x683.jpg);\"><\/div>\n\t\t\t\t\t\t\t\t\t\t\t\t\t<div class=\"bg-image\" style=\"background-image: url(https:\/\/bernina.ultraks.com\/wp-content\/uploads\/2021\/10\/aw0i8396-1024x683.jpg);\"><\/div>\n\t\t\t\t\t\t\t\t\t\t\t\t\t<div class=\"bg-image\" style=\"background-image: url(https:\/\/bernina.ultraks.com\/wp-content\/uploads\/2021\/10\/aw0i8431-1-1024x683.jpg);\"><\/div>\n\t\t\t\t\t\t\t\t\t\t\t\t\t<div class=\"bg-image\" style=\"background-image: url(https:\/\/bernina.ultraks.com\/wp-content\/uploads\/2021\/10\/dji_0083-2-1024x575.jpg);\"><\/div>\n\t\t\t\t\t\t\t\t\t\t\t\t\t<div class=\"bg-image\" style=\"background-image: url(https:\/\/bernina.ultraks.com\/wp-content\/uploads\/2021\/10\/dji_0087-2-1024x575.jpg);\"><\/div>\n\t\t\t\t\t\t\t\t\t\t\t\t\t<div class=\"bg-image\" style=\"background-image: url(https:\/\/bernina.ultraks.com\/wp-content\/uploads\/2021\/10\/dji_0101-2-e1636465699301-1024x425.jpg);\"><\/div>\n\t\t\t\t\t\t\t\t\t\t\t\t\t<div class=\"bg-image\" style=\"background-image: url(https:\/\/bernina.ultraks.com\/wp-content\/uploads\/2021\/10\/dji_0121-1024x575.jpg);\"><\/div>\n\t\t\t\t\t\t\t\t\t\t\t\t\t<div class=\"bg-image\" style=\"background-image: url(https:\/\/bernina.ultraks.com\/wp-content\/uploads\/2021\/10\/aw0i8471-1024x683.jpg);\"><\/div>\n\t\t\t\t\t\t\t\t\t\t\t\t\t<div class=\"bg-image\" style=\"background-image: url(https:\/\/bernina.ultraks.com\/wp-content\/uploads\/2021\/10\/aw0i8461-1024x683.jpg);\"><\/div>\n\t\t\t\t\t\t\t\t\t\t\t\t\t<div class=\"bg-image\" style=\"background-image: url(https:\/\/bernina.ultraks.com\/wp-content\/uploads\/2021\/10\/aw0i8435-1024x683.jpg);\"><\/div>\n\t\t\t\t\t\t\t\t\t\t\t<\/div>\n\t\t\t\t\t\t \n\t\t\t\t\t<div class=\"gallery-thumbnails owl-carousel owl-theme\">\n\t\t\t\t\t\t \t\t\t\t\t\t\t<img loading=\"lazy\" decoding=\"async\" width=\"150\" height=\"150\" src=\"https:\/\/bernina.ultraks.com\/wp-content\/uploads\/2021\/10\/aw0i8382-150x150.jpg\" class=\"attachment-thumbnail size-thumbnail\" alt=\"\" srcset=\"https:\/\/bernina.ultraks.com\/wp-content\/uploads\/2021\/10\/aw0i8382-150x150.jpg 150w, https:\/\/bernina.ultraks.com\/wp-content\/uploads\/2021\/10\/aw0i8382-480x480.jpg 480w\" sizes=\"auto, (max-width: 150px) 100vw, 150px\" \/>\t\t\t\t\t\t \t\t\t\t\t\t\t<img loading=\"lazy\" decoding=\"async\" width=\"150\" height=\"150\" src=\"https:\/\/bernina.ultraks.com\/wp-content\/uploads\/2021\/10\/aw0i8454-150x150.jpg\" class=\"attachment-thumbnail size-thumbnail\" alt=\"\" srcset=\"https:\/\/bernina.ultraks.com\/wp-content\/uploads\/2021\/10\/aw0i8454-150x150.jpg 150w, https:\/\/bernina.ultraks.com\/wp-content\/uploads\/2021\/10\/aw0i8454-480x480.jpg 480w\" sizes=\"auto, (max-width: 150px) 100vw, 150px\" \/>\t\t\t\t\t\t \t\t\t\t\t\t\t<img loading=\"lazy\" decoding=\"async\" width=\"150\" height=\"150\" src=\"https:\/\/bernina.ultraks.com\/wp-content\/uploads\/2021\/10\/aw0i8419-150x150.jpg\" class=\"attachment-thumbnail size-thumbnail\" alt=\"\" srcset=\"https:\/\/bernina.ultraks.com\/wp-content\/uploads\/2021\/10\/aw0i8419-150x150.jpg 150w, https:\/\/bernina.ultraks.com\/wp-content\/uploads\/2021\/10\/aw0i8419-480x480.jpg 480w\" sizes=\"auto, (max-width: 150px) 100vw, 150px\" \/>\t\t\t\t\t\t \t\t\t\t\t\t\t<img loading=\"lazy\" decoding=\"async\" width=\"150\" height=\"150\" src=\"https:\/\/bernina.ultraks.com\/wp-content\/uploads\/2021\/10\/aw0i8401-150x150.jpg\" class=\"attachment-thumbnail size-thumbnail\" alt=\"\" srcset=\"https:\/\/bernina.ultraks.com\/wp-content\/uploads\/2021\/10\/aw0i8401-150x150.jpg 150w, https:\/\/bernina.ultraks.com\/wp-content\/uploads\/2021\/10\/aw0i8401-480x480.jpg 480w\" sizes=\"auto, (max-width: 150px) 100vw, 150px\" \/>\t\t\t\t\t\t \t\t\t\t\t\t\t<img loading=\"lazy\" decoding=\"async\" width=\"150\" height=\"150\" src=\"https:\/\/bernina.ultraks.com\/wp-content\/uploads\/2021\/10\/aw0i8396-150x150.jpg\" class=\"attachment-thumbnail size-thumbnail\" alt=\"\" srcset=\"https:\/\/bernina.ultraks.com\/wp-content\/uploads\/2021\/10\/aw0i8396-150x150.jpg 150w, https:\/\/bernina.ultraks.com\/wp-content\/uploads\/2021\/10\/aw0i8396-480x480.jpg 480w\" sizes=\"auto, (max-width: 150px) 100vw, 150px\" \/>\t\t\t\t\t\t \t\t\t\t\t\t\t<img loading=\"lazy\" decoding=\"async\" width=\"150\" height=\"150\" src=\"https:\/\/bernina.ultraks.com\/wp-content\/uploads\/2021\/10\/aw0i8431-1-150x150.jpg\" class=\"attachment-thumbnail size-thumbnail\" alt=\"\" srcset=\"https:\/\/bernina.ultraks.com\/wp-content\/uploads\/2021\/10\/aw0i8431-1-150x150.jpg 150w, https:\/\/bernina.ultraks.com\/wp-content\/uploads\/2021\/10\/aw0i8431-1-480x480.jpg 480w\" sizes=\"auto, (max-width: 150px) 100vw, 150px\" \/>\t\t\t\t\t\t \t\t\t\t\t\t\t<img loading=\"lazy\" decoding=\"async\" width=\"150\" height=\"150\" src=\"https:\/\/bernina.ultraks.com\/wp-content\/uploads\/2021\/10\/dji_0083-2-150x150.jpg\" class=\"attachment-thumbnail size-thumbnail\" alt=\"\" srcset=\"https:\/\/bernina.ultraks.com\/wp-content\/uploads\/2021\/10\/dji_0083-2-150x150.jpg 150w, https:\/\/bernina.ultraks.com\/wp-content\/uploads\/2021\/10\/dji_0083-2-480x480.jpg 480w\" sizes=\"auto, (max-width: 150px) 100vw, 150px\" \/>\t\t\t\t\t\t \t\t\t\t\t\t\t<img loading=\"lazy\" decoding=\"async\" width=\"150\" height=\"150\" src=\"https:\/\/bernina.ultraks.com\/wp-content\/uploads\/2021\/10\/dji_0087-2-150x150.jpg\" class=\"attachment-thumbnail size-thumbnail\" alt=\"\" srcset=\"https:\/\/bernina.ultraks.com\/wp-content\/uploads\/2021\/10\/dji_0087-2-150x150.jpg 150w, https:\/\/bernina.ultraks.com\/wp-content\/uploads\/2021\/10\/dji_0087-2-480x480.jpg 480w\" sizes=\"auto, (max-width: 150px) 100vw, 150px\" \/>\t\t\t\t\t\t \t\t\t\t\t\t\t<img loading=\"lazy\" decoding=\"async\" width=\"150\" height=\"150\" src=\"https:\/\/bernina.ultraks.com\/wp-content\/uploads\/2021\/10\/dji_0101-2-e1636465699301-150x150.jpg\" class=\"attachment-thumbnail size-thumbnail\" alt=\"\" srcset=\"https:\/\/bernina.ultraks.com\/wp-content\/uploads\/2021\/10\/dji_0101-2-e1636465699301-150x150.jpg 150w, https:\/\/bernina.ultraks.com\/wp-content\/uploads\/2021\/10\/dji_0101-2-e1636465699301-480x480.jpg 480w\" sizes=\"auto, (max-width: 150px) 100vw, 150px\" \/>\t\t\t\t\t\t \t\t\t\t\t\t\t<img loading=\"lazy\" decoding=\"async\" width=\"150\" height=\"150\" src=\"https:\/\/bernina.ultraks.com\/wp-content\/uploads\/2021\/10\/dji_0121-150x150.jpg\" class=\"attachment-thumbnail size-thumbnail\" alt=\"\" srcset=\"https:\/\/bernina.ultraks.com\/wp-content\/uploads\/2021\/10\/dji_0121-150x150.jpg 150w, https:\/\/bernina.ultraks.com\/wp-content\/uploads\/2021\/10\/dji_0121-480x480.jpg 480w\" sizes=\"auto, (max-width: 150px) 100vw, 150px\" \/>\t\t\t\t\t\t \t\t\t\t\t\t\t<img loading=\"lazy\" decoding=\"async\" width=\"150\" height=\"150\" src=\"https:\/\/bernina.ultraks.com\/wp-content\/uploads\/2021\/10\/aw0i8471-150x150.jpg\" class=\"attachment-thumbnail size-thumbnail\" alt=\"\" srcset=\"https:\/\/bernina.ultraks.com\/wp-content\/uploads\/2021\/10\/aw0i8471-150x150.jpg 150w, https:\/\/bernina.ultraks.com\/wp-content\/uploads\/2021\/10\/aw0i8471-480x480.jpg 480w\" sizes=\"auto, (max-width: 150px) 100vw, 150px\" \/>\t\t\t\t\t\t \t\t\t\t\t\t\t<img loading=\"lazy\" decoding=\"async\" width=\"150\" height=\"150\" src=\"https:\/\/bernina.ultraks.com\/wp-content\/uploads\/2021\/10\/aw0i8461-150x150.jpg\" class=\"attachment-thumbnail size-thumbnail\" alt=\"\" srcset=\"https:\/\/bernina.ultraks.com\/wp-content\/uploads\/2021\/10\/aw0i8461-150x150.jpg 150w, https:\/\/bernina.ultraks.com\/wp-content\/uploads\/2021\/10\/aw0i8461-480x480.jpg 480w\" sizes=\"auto, (max-width: 150px) 100vw, 150px\" \/>\t\t\t\t\t\t \t\t\t\t\t\t\t<img loading=\"lazy\" decoding=\"async\" width=\"150\" height=\"150\" src=\"https:\/\/bernina.ultraks.com\/wp-content\/uploads\/2021\/10\/aw0i8435-150x150.jpg\" class=\"attachment-thumbnail size-thumbnail\" alt=\"\" srcset=\"https:\/\/bernina.ultraks.com\/wp-content\/uploads\/2021\/10\/aw0i8435-150x150.jpg 150w, https:\/\/bernina.ultraks.com\/wp-content\/uploads\/2021\/10\/aw0i8435-480x480.jpg 480w\" sizes=\"auto, (max-width: 150px) 100vw, 150px\" \/>\t\t\t\t\t\t \t\t\t\t\t<\/div>\n\t\t\t\t\t\n\t\t\t\t\t\t\t\t\t\t\n\t\t\t\t\t\t\t\t\t\t\t<script type='text\/javascript' charset='utf-8'>\n\t\t\t\t\t\t\tjQuery('document').ready(function($) {\n\t\t\t\t\t\t\t\tvar $stage = jQuery('.wp-block-imagegallery .gallery-stage');\n\t\t\t\t\t\t\t\tvar $thumbs = jQuery('.wp-block-imagegallery .gallery-thumbnails');\n\t\t\t\t\t\t\t\tvar flag = false;\n\t\t\t\t\t\t\t\tvar duration = 350;\n\t\t\t\t\t\t\t\t\n\t\t\t\t\t\t\t\t$stage.owlCarousel({\n\t\t\t\t\t\t\t\t\tdots: false,\n\t\t\t\t\t\t\t\t\tnav: true,\n\t\t\t\t\t\t\t\t\tnavText: ['<i class=\"fal fa-angle-left\"><\/i>', '<i class=\"fal fa-angle-right\"><\/i>'],\n\t\t\t\t\t\t\t\t\tnavSpeed: duration,\n\t\t\t\t\t\t\t\t\titems: 1,\n\t\t\t\t\t\t\t\t\tmargin: 10,\n\t\t\t\t\t\t\t\t\tloop: false\n\t\t\t\t\t\t\t\t})\n\t\t\t\t\t\t\t\t.on('changed.owl.carousel', function (e) {\n\t\t\t\t\t\t\t\t\tif (!flag) {\n\t\t\t\t\t\t\t\t\t\tflag = true;\n\t\t\t\t\t\t\t\t\t\t$thumbs.trigger('to.owl.carousel', [e.item.index, duration, true]);\n\t\t\t\t\t\t\t\t\t\t$('.owl-item', $thumbs).removeClass('selected').addClass('unselected').eq(e.item.index).addClass('selected').removeClass('unselected');\n\t\t\t\t\t\t\t\t\t\tflag = false;\n\t\t\t\t\t\t\t\t\t}\n\t\t\t\t\t\t\t\t});\n\t\t\t\t\t\t\t\t\n\t\t\t\t\t\t\t\t$thumbs.owlCarousel({\n\t\t\t\t\t\t\t\t\tdots: false,\n\t\t\t\t\t\t\t\t\tnav: false,\n\t\t\t\t\t\t\t\t\titems: 4,\n\t\t\t\t\t\t\t\t\tmargin: 5,\n\t\t\t\t\t\t\t\t\tslideBy: 1,\n\t\t\t\t\t\t\t\t\tresponsive: {\n\t\t\t\t\t\t\t\t\t\t0 : {\n\t\t\t\t\t\t\t\t\t\t\titems: 4,\n\t\t\t\t\t\t\t\t\t\t},\n\t\t\t\t\t\t\t\t\t\t640 : {\n\t\t\t\t\t\t\t\t\t\t\titems: 7,\n\t\t\t\t\t\t\t\t\t\t}\n\t\t\t\t\t\t\t\t\t}\n\t\t\t\t\t\t\t\t})\n\t\t\t\t\t\t\t\t.on('click', '.owl-item', function () {\n\t\t\t\t\t\t\t\t\t$stage.trigger('to.owl.carousel', [jQuery(this).index(), duration, true]);\n\t\t\t\t\t\t\t\t});\n\t\t\t\t\t\t\t});\n\t\t\t\t\t\t <\/script>\n\t\t\t\t\t\t\t\t\t\t\t\t\t\t\t\n\t\t<\/div>\n\t<\/div>\n","protected":false},"excerpt":{"rendered":"Rough, Tough, Rewarding La \u00abGoVertical\u00bb \u00e8 il preludio dello spettacolare weekend Bernina Ultraks di venerd\u00ec. Dopo la partenza nella zona Ultraks (parcheggio Bellavita), si entra direttamente nel paradiso degli stambecchi di Pontresina. In quest&#8217;area, a est del villaggio di montagna, vivono circa 1.800 stambecchi. Con un po&#8217; di fortuna, nei chilometri successivi si potr\u00e0 incontrare","protected":false},"author":5,"featured_media":8184,"parent":0,"menu_order":11,"comment_status":"closed","ping_status":"closed","template":"","meta":{"_acf_changed":false,"om_disable_all_campaigns":false,"_monsterinsights_skip_tracking":false,"_monsterinsights_sitenote_active":false,"_monsterinsights_sitenote_note":"","_monsterinsights_sitenote_category":0,"footnotes":""},"class_list":["post post-type-page post-view- post-scope-","status-publish","has-post-thumbnail","clear"],"acf":[],"aioseo_notices":[],"_links":{"self":[{"href":"https:\/\/bernina.ultraks.com\/it\/wp-json\/wp\/v2\/pages\/6309","targetHints":{"allow":["GET"]}}],"collection":[{"href":"https:\/\/bernina.ultraks.com\/it\/wp-json\/wp\/v2\/pages"}],"about":[{"href":"https:\/\/bernina.ultraks.com\/it\/wp-json\/wp\/v2\/types\/page"}],"author":[{"embeddable":true,"href":"https:\/\/bernina.ultraks.com\/it\/wp-json\/wp\/v2\/users\/5"}],"replies":[{"embeddable":true,"href":"https:\/\/bernina.ultraks.com\/it\/wp-json\/wp\/v2\/comments?post=6309"}],"version-history":[{"count":18,"href":"https:\/\/bernina.ultraks.com\/it\/wp-json\/wp\/v2\/pages\/6309\/revisions"}],"predecessor-version":[{"id":8436,"href":"https:\/\/bernina.ultraks.com\/it\/wp-json\/wp\/v2\/pages\/6309\/revisions\/8436"}],"wp:featuredmedia":[{"embeddable":true,"href":"https:\/\/bernina.ultraks.com\/it\/wp-json\/wp\/v2\/media\/8184"}],"wp:attachment":[{"href":"https:\/\/bernina.ultraks.com\/it\/wp-json\/wp\/v2\/media?parent=6309"}],"curies":[{"name":"wp","href":"https:\/\/api.w.org\/{rel}","templated":true}]}}