{"id":6311,"date":"2021-11-09T10:22:00","date_gmt":"2021-11-09T09:22:00","guid":{"rendered":"https:\/\/bernina.ultraks.com\/?page_id=6311"},"modified":"2025-10-23T14:46:06","modified_gmt":"2025-10-23T12:46:06","slug":"corvatsch","status":"publish","type":"page","link":"https:\/\/bernina.ultraks.com\/it\/corvatsch\/","title":{"rendered":"Corvatsch"},"content":{"rendered":"\n<div style=\"height:100px\" aria-hidden=\"true\" class=\"wp-block-spacer\"><\/div>\n\n\n\n<h2 class=\"wp-block-heading\">Il percorso panoramico                               <\/h2>\n\n\n\n<p class=\"has-medium-font-size\">Il percorso mozzafiato porta fuori da Pontresina nell&#8217;impressionante mondo montano del Corvatsch. Attraverso la selvaggia e romantica Val Roseg, passando per il ghiacciaio Roseg, si raggiunge il punto pi\u00f9 alto del percorso a Fuorcla Surlej dopo circa 12 km di salita. La ricompensa per la faticosa salita \u00e8 l&#8217;incredibile vista. A 2&#8217;755 m, sei a stretto contatto con i ghiacciai e hai una vista incredibile sui famosi giganti di ghiaccio Piz Bernina e Piz Roseg e sul fantastico paesaggio dei laghi dell&#8217;Alta Engadina. Si pu\u00f2 godere di questo per i prossimi chilometri nella fantastica discesa verso St. Da St. Moritz Bad, il percorso va leggermente in salita attraverso il Piz Rosatsch fino al traguardo di Pontresina.<\/p>\n\n\n\n<div style=\"height:50px\" aria-hidden=\"true\" class=\"wp-block-spacer\"><\/div>\n\n\n\n<div class=\"wp-block-media-text alignwide has-media-on-the-right is-stacked-on-mobile\"><div class=\"wp-block-media-text__content\">\n<h2 class=\"wp-block-heading\">I fatti<\/h2>\n\n\n\n<h3 class=\"wp-block-heading\">30km \/ 1.800hm<\/h3>\n\n\n\n<ul class=\"wp-block-list has-medium-font-size\">\n<li>Sabato, 4 luglio 2026, ore 08:20<\/li>\n\n\n\n<li>Partenza\/arrivo: Pontresina: Zona Ultraks<\/li>\n\n\n\n<li>Distanza: 30 chilometri<\/li>\n\n\n\n<li>Dislivello: 1.800m<\/li>\n\n\n\n<li>Punto pi\u00f9 alto: Fuorcla Surlej &#8211; 2.755 m<\/li>\n\n\n\n<li>Punti ITRA: 2<\/li>\n<\/ul>\n\n\n\n<div class=\"wp-block-columns is-layout-flex wp-container-core-columns-is-layout-9d6595d7 wp-block-columns-is-layout-flex\">\n<div class=\"wp-block-column is-layout-flow wp-block-column-is-layout-flow\">\n<figure class=\"wp-block-image size-full is-resized\"><img decoding=\"async\" src=\"https:\/\/mayrhofen.ultraks.com\/wp-content\/uploads\/2024\/03\/logo-utmb-index.png\" alt=\"\" class=\"wp-image-7674\" style=\"width:133px;height:auto\"\/><\/figure>\n<\/div>\n\n\n\n<div class=\"wp-block-column is-layout-flow wp-block-column-is-layout-flow\">\n<figure class=\"wp-block-image size-large is-resized\"><img loading=\"lazy\" decoding=\"async\" width=\"1024\" height=\"331\" src=\"https:\/\/bernina.ultraks.com\/wp-content\/uploads\/2024\/03\/index-20k-1024x331.png\" alt=\"\" class=\"wp-image-7965\" style=\"width:107px;height:auto\" srcset=\"https:\/\/bernina.ultraks.com\/wp-content\/uploads\/2024\/03\/index-20k-1024x331.png 1024w, https:\/\/bernina.ultraks.com\/wp-content\/uploads\/2024\/03\/index-20k-300x97.png 300w, https:\/\/bernina.ultraks.com\/wp-content\/uploads\/2024\/03\/index-20k-768x248.png 768w, https:\/\/bernina.ultraks.com\/wp-content\/uploads\/2024\/03\/index-20k-1536x496.png 1536w, https:\/\/bernina.ultraks.com\/wp-content\/uploads\/2024\/03\/index-20k-2048x662.png 2048w, https:\/\/bernina.ultraks.com\/wp-content\/uploads\/2024\/03\/index-20k-1920x620.png 1920w\" sizes=\"auto, (max-width: 1024px) 100vw, 1024px\" \/><\/figure>\n<\/div>\n\n\n\n<div class=\"wp-block-column is-layout-flow wp-block-column-is-layout-flow\">\n<figure class=\"wp-block-image size-full is-resized\"><img loading=\"lazy\" decoding=\"async\" width=\"180\" height=\"75\" src=\"https:\/\/bernina.ultraks.com\/wp-content\/uploads\/2022\/01\/two.png\" alt=\"\" class=\"wp-image-6424\" style=\"width:118px;height:auto\"\/><\/figure>\n<\/div>\n<\/div>\n<\/div><figure class=\"wp-block-media-text__media\"><img loading=\"lazy\" decoding=\"async\" width=\"1024\" height=\"1024\" src=\"https:\/\/bernina.ultraks.com\/wp-content\/uploads\/2021\/10\/corvatsch4-1024x1024.png\" alt=\"\" class=\"wp-image-5092 size-full\" srcset=\"https:\/\/bernina.ultraks.com\/wp-content\/uploads\/2021\/10\/corvatsch4-1024x1024.png 1024w, https:\/\/bernina.ultraks.com\/wp-content\/uploads\/2021\/10\/corvatsch4-300x300.png 300w, https:\/\/bernina.ultraks.com\/wp-content\/uploads\/2021\/10\/corvatsch4-150x150.png 150w, https:\/\/bernina.ultraks.com\/wp-content\/uploads\/2021\/10\/corvatsch4-768x767.png 768w, https:\/\/bernina.ultraks.com\/wp-content\/uploads\/2021\/10\/corvatsch4-480x480.png 480w, https:\/\/bernina.ultraks.com\/wp-content\/uploads\/2021\/10\/corvatsch4.png 1081w\" sizes=\"auto, (max-width: 1024px) 100vw, 1024px\" \/><\/figure><\/div>\n\n\n\n<div style=\"height:100px\" aria-hidden=\"true\" class=\"wp-block-spacer\"><\/div>\n\n\n\n<div class=\"wp-block-media-text alignwide is-stacked-on-mobile\"><figure class=\"wp-block-media-text__media\"><img loading=\"lazy\" decoding=\"async\" width=\"1024\" height=\"768\" src=\"https:\/\/bernina.ultraks.com\/wp-content\/uploads\/2021\/10\/used_4592_mas_01467-1024x768.jpg\" alt=\"\" class=\"wp-image-5931 size-full\" srcset=\"https:\/\/bernina.ultraks.com\/wp-content\/uploads\/2021\/10\/used_4592_mas_01467-1024x768.jpg 1024w, https:\/\/bernina.ultraks.com\/wp-content\/uploads\/2021\/10\/used_4592_mas_01467-300x225.jpg 300w, https:\/\/bernina.ultraks.com\/wp-content\/uploads\/2021\/10\/used_4592_mas_01467-768x576.jpg 768w, https:\/\/bernina.ultraks.com\/wp-content\/uploads\/2021\/10\/used_4592_mas_01467-1536x1152.jpg 1536w, https:\/\/bernina.ultraks.com\/wp-content\/uploads\/2021\/10\/used_4592_mas_01467-2048x1536.jpg 2048w, https:\/\/bernina.ultraks.com\/wp-content\/uploads\/2021\/10\/used_4592_mas_01467-1920x1440.jpg 1920w\" sizes=\"auto, (max-width: 1024px) 100vw, 1024px\" \/><\/figure><div class=\"wp-block-media-text__content\">\n<h2 class=\"wp-block-heading\">Cosa si ottiene?<\/h2>\n\n\n\n<ul class=\"wp-block-list has-medium-font-size\">\n<li>Ristorazione di percorso<\/li>\n\n\n\n<li>Pasto per corridori<\/li>\n\n\n\n<li>Deposito bagagli<\/li>\n\n\n\n<li>Localizzazione GPS tramite smartphone<\/li>\n\n\n\n<li>Medaglia<\/li>\n\n\n\n<li>Doccia<\/li>\n<\/ul>\n<\/div><\/div>\n\n\n\n<div style=\"height:100px\" aria-hidden=\"true\" class=\"wp-block-spacer\"><\/div>\n\n\n\n<h2 class=\"wp-block-heading\">Profilo del percorso<\/h2>\n\n\n\n<figure class=\"wp-block-image size-large\"><img loading=\"lazy\" decoding=\"async\" width=\"1024\" height=\"724\" src=\"https:\/\/bernina.ultraks.com\/wp-content\/uploads\/2021\/11\/corvatsch_profil_mitStartZiel_kk-01-1024x724.png\" alt=\"\" class=\"wp-image-6253\" srcset=\"https:\/\/bernina.ultraks.com\/wp-content\/uploads\/2021\/11\/corvatsch_profil_mitStartZiel_kk-01-1024x724.png 1024w, https:\/\/bernina.ultraks.com\/wp-content\/uploads\/2021\/11\/corvatsch_profil_mitStartZiel_kk-01-300x212.png 300w, https:\/\/bernina.ultraks.com\/wp-content\/uploads\/2021\/11\/corvatsch_profil_mitStartZiel_kk-01-768x543.png 768w, https:\/\/bernina.ultraks.com\/wp-content\/uploads\/2021\/11\/corvatsch_profil_mitStartZiel_kk-01-1536x1086.png 1536w, https:\/\/bernina.ultraks.com\/wp-content\/uploads\/2021\/11\/corvatsch_profil_mitStartZiel_kk-01-2048x1448.png 2048w, https:\/\/bernina.ultraks.com\/wp-content\/uploads\/2021\/11\/corvatsch_profil_mitStartZiel_kk-01-1920x1358.png 1920w\" sizes=\"auto, (max-width: 1024px) 100vw, 1024px\" \/><\/figure>\n\n\n\n <div class=\"brlbs-cmpnt-container brlbs-cmpnt-content-blocker brlbs-cmpnt-with-individual-styles\" data-borlabs-cookie-content-blocker-id=\"open-street-map\" data-borlabs-cookie-content=\"PGRpdiBpZD0ibWFwcy1tYXJrZXItcHJvLWE5NGU4NDZlIiBjbGFzcz0ibWFwcy1tYXJrZXItcHJvIj5DYXJpY2FtZW50byBkZWxsYSBtYXBwYSBpbiBjb3JzbywgYXR0ZW5kZXJlLi4uPC9kaXY+\"><div class=\"brlbs-cmpnt-cb-preset-b\"> <div class=\"brlbs-cmpnt-cb-thumbnail\" style=\"background-image: url('https:\/\/bernina.ultraks.com\/wp-content\/uploads\/borlabs-cookie\/1\/brlbs-cb-google-maps-main.png')\"><\/div> <div class=\"brlbs-cmpnt-cb-main\"> <div class=\"brlbs-cmpnt-cb-content\"> <p class=\"brlbs-cmpnt-cb-description\">Stai visualizzando un contenuto segnaposto da <strong>OpenStreetMap<\/strong>. Per accedere al contenuto effettivo, clicca sul pulsante sottostante. Si prega di notare che in questo modo si condividono i dati con provider di terze parti.<\/p> <a class=\"brlbs-cmpnt-cb-provider-toggle\" href=\"#\" data-borlabs-cookie-show-provider-information role=\"button\">Ulteriori informazioni<\/a> <\/div> <div class=\"brlbs-cmpnt-cb-buttons\"> <a class=\"brlbs-cmpnt-cb-btn\" href=\"#\" data-borlabs-cookie-unblock role=\"button\">Sblocca il contenuto<\/a> <a class=\"brlbs-cmpnt-cb-btn\" href=\"#\" data-borlabs-cookie-accept-service role=\"button\" style=\"display: inherit\">Accetta il servizio richiesto e sblocca i contenuti<\/a> <\/div> <\/div> <\/div><\/div>\n\n\n\n<div style=\"height:100px\" aria-hidden=\"true\" class=\"wp-block-spacer\"><\/div>\n\n\n\n<h2 class=\"wp-block-heading\">Highlights<\/h2>\n\n\n\n\t<div id=\"block_c5bbdfa6e7190707279159232758c88b\" class=\"wp-block-packages  \">\n\t\t<div class=\"wp-block-packages__inner-container\">\n\t\t\t\t\t\t \n\t\t\t\t\n\t\t\t\t\t\t\n\t\t\t\t\t\t\t<div class=\"list list-packages\">\n\t\t\t\t\t\t\t\t\t\t\t\t\t\t\t\t<div class=\"list-item item-package\">\n\t\t\t\t\t\t\t\t\t\t\t\t\t\t\n\t\n\t\n\t<article id=\"post-6356\" class=\"card post post-type-package post-view-teaser post-scope- status-publish has-post-thumbnail clear article-package element-article template-article-package\">\n\t\n\t\t<div class=\"card-top\">\n\t\t\t\t\t\t\t<div class=\"field field-thumbnail\">\n\t\t\t\t\t<img decoding=\"async\" src=\"https:\/\/bernina.ultraks.com\/wp-content\/uploads\/2021\/11\/5210_20190706_073039_167306028_socialmedia-1-1024x683-1.jpg\" class=\"attachment-large size-large wp-post-image\" alt=\"\" srcset=\"https:\/\/bernina.ultraks.com\/wp-content\/uploads\/2021\/11\/5210_20190706_073039_167306028_socialmedia-1-1024x683-1.jpg 1024w, https:\/\/bernina.ultraks.com\/wp-content\/uploads\/2021\/11\/5210_20190706_073039_167306028_socialmedia-1-1024x683-1-300x200.jpg 300w, https:\/\/bernina.ultraks.com\/wp-content\/uploads\/2021\/11\/5210_20190706_073039_167306028_socialmedia-1-1024x683-1-768x512.jpg 768w\" sizes=\"(max-width: 1024px) 100vw, 1024px\" \/>\t\t\t\t<\/div>\n\t\t\t\t\t<\/div>\n\t\t\n\t\t<div class=\"inner\">\n\t\t\t<h3 class=\"title\">\n\t\t\t\t Val Roseg\t\t\t<\/h3>\n\t\t\t\n\t\t\t\t\t\t\n\t\t\t\t\t \n\t\t\t\t<div class=\"field field-excerpt clear\">\n\t\t\t\t\t\n<p>La Val Roseg \u00e8 considerata una delle pi\u00f9 belle valli laterali dell&#8217;Engadina. I primi chilometri del Corvatsch attraversano un paesaggio idilliaco, prima che la salita impegnativa verso il Corvatsch inizi dopo circa 8 km.<\/p>\n\t\t\t\t<\/div>\n\t\t\t\t\t\t\n\t\t\t\t\t\t\n\t\t<\/div>\n\t\n\t<\/article>\n\t\n\t\t\t\t\t\t<\/div>\n\t\t\t\t\t\t\t\t\t\t\t<div class=\"list-item item-package\">\n\t\t\t\t\t\t\t\t\t\t\t\t\t\t\n\t\n\t\n\t<article id=\"post-6361\" class=\"card post post-type-package post-view-teaser post-scope- status-publish has-post-thumbnail clear article-package element-article template-article-package\">\n\t\n\t\t<div class=\"card-top\">\n\t\t\t\t\t\t\t<div class=\"field field-thumbnail\">\n\t\t\t\t\t<img decoding=\"async\" src=\"https:\/\/bernina.ultraks.com\/wp-content\/uploads\/2021\/10\/1024x.jpeg\" class=\"attachment-large size-large wp-post-image\" alt=\"\" srcset=\"https:\/\/bernina.ultraks.com\/wp-content\/uploads\/2021\/10\/1024x.jpeg 1023w, https:\/\/bernina.ultraks.com\/wp-content\/uploads\/2021\/10\/1024x-300x200.jpeg 300w, https:\/\/bernina.ultraks.com\/wp-content\/uploads\/2021\/10\/1024x-768x513.jpeg 768w\" sizes=\"(max-width: 1023px) 100vw, 1023px\" \/>\t\t\t\t<\/div>\n\t\t\t\t\t<\/div>\n\t\t\n\t\t<div class=\"inner\">\n\t\t\t<h3 class=\"title\">\n\t\t\t\t Fuorcla Surlej\t\t\t<\/h3>\n\t\t\t\n\t\t\t\t\t\t\n\t\t\t\t\t \n\t\t\t\t<div class=\"field field-excerpt clear\">\n\t\t\t\t\t\n<p>Dopo l&#8217;impegnativa salita al Corvatsch, una vista mozzafiato sui famosi giganti di ghiaccio Piz Bernina (4049 m) e Piz Roseg (3937 m) vi aspetta al Fuorcla Surlej, che vi entra nella pelle.<\/p>\n\t\t\t\t<\/div>\n\t\t\t\t\t\t\n\t\t\t\t\t\t\n\t\t<\/div>\n\t\n\t<\/article>\n\t\n\t\t\t\t\t\t<\/div>\n\t\t\t\t\t\t\t\t\t\t\t<div class=\"list-item item-package\">\n\t\t\t\t\t\t\t\t\t\t\t\t\t\t\n\t\n\t\n\t<article id=\"post-6363\" class=\"card post post-type-package post-view-teaser post-scope- status-publish has-post-thumbnail clear article-package element-article template-article-package\">\n\t\n\t\t<div class=\"card-top\">\n\t\t\t\t\t\t\t<div class=\"field field-thumbnail\">\n\t\t\t\t\t<img decoding=\"async\" src=\"https:\/\/bernina.ultraks.com\/wp-content\/uploads\/2021\/10\/used_4592_nv_00001-1024x684.jpg\" class=\"attachment-large size-large wp-post-image\" alt=\"\" srcset=\"https:\/\/bernina.ultraks.com\/wp-content\/uploads\/2021\/10\/used_4592_nv_00001-1024x684.jpg 1024w, https:\/\/bernina.ultraks.com\/wp-content\/uploads\/2021\/10\/used_4592_nv_00001-300x200.jpg 300w, https:\/\/bernina.ultraks.com\/wp-content\/uploads\/2021\/10\/used_4592_nv_00001-768x513.jpg 768w, https:\/\/bernina.ultraks.com\/wp-content\/uploads\/2021\/10\/used_4592_nv_00001-1536x1025.jpg 1536w, https:\/\/bernina.ultraks.com\/wp-content\/uploads\/2021\/10\/used_4592_nv_00001-2048x1367.jpg 2048w, https:\/\/bernina.ultraks.com\/wp-content\/uploads\/2021\/10\/used_4592_nv_00001-1920x1282.jpg 1920w\" sizes=\"(max-width: 1024px) 100vw, 1024px\" \/>\t\t\t\t<\/div>\n\t\t\t\t\t<\/div>\n\t\t\n\t\t<div class=\"inner\">\n\t\t\t<h3 class=\"title\">\n\t\t\t\t Murt\u00e8l\t\t\t<\/h3>\n\t\t\t\n\t\t\t\t\t\t\n\t\t\t\t\t \n\t\t\t\t<div class=\"field field-excerpt clear\">\n\t\t\t\t\t\n<p>Dopo 13 km si arriva alla stazione intermedia Murt\u00e8l sul Corvatsch. A 2&#8217;687 m si ha una splendida vista sul paesaggio lacustre engadinese e su St. Murt\u00e8l \u00e8 facilmente accessibile per gli spettatori con la ferrovia di montagna del Corvatsch.<\/p>\n\t\t\t\t<\/div>\n\t\t\t\t\t\t\n\t\t\t\t\t\t\n\t\t<\/div>\n\t\n\t<\/article>\n\t\n\t\t\t\t\t\t<\/div>\n\t\t\t\t\t\t\t\t\t<\/div>\n\t\t\t\t\t\t\t\t\t\t\t\t\t\t\n\t\t<\/div>\n\t<\/div>\n\n\n\n<div style=\"height:100px\" aria-hidden=\"true\" class=\"wp-block-spacer\"><\/div>\n\n\n\n<h2 class=\"wp-block-heading\">Tempi di consegna<\/h2>\n\n\n\n<figure class=\"wp-block-image alignwide size-large\"><img loading=\"lazy\" decoding=\"async\" width=\"1024\" height=\"675\" src=\"https:\/\/bernina.ultraks.com\/wp-content\/uploads\/2021\/10\/Roll-Up-85x200_Corvatsch_10mm-1024x675.png\" alt=\"\" class=\"wp-image-6062\" srcset=\"https:\/\/bernina.ultraks.com\/wp-content\/uploads\/2021\/10\/Roll-Up-85x200_Corvatsch_10mm-1024x675.png 1024w, https:\/\/bernina.ultraks.com\/wp-content\/uploads\/2021\/10\/Roll-Up-85x200_Corvatsch_10mm-300x198.png 300w, https:\/\/bernina.ultraks.com\/wp-content\/uploads\/2021\/10\/Roll-Up-85x200_Corvatsch_10mm-768x506.png 768w, https:\/\/bernina.ultraks.com\/wp-content\/uploads\/2021\/10\/Roll-Up-85x200_Corvatsch_10mm-1536x1012.png 1536w, https:\/\/bernina.ultraks.com\/wp-content\/uploads\/2021\/10\/Roll-Up-85x200_Corvatsch_10mm-2048x1350.png 2048w, https:\/\/bernina.ultraks.com\/wp-content\/uploads\/2021\/10\/Roll-Up-85x200_Corvatsch_10mm-1920x1265.png 1920w\" sizes=\"auto, (max-width: 1024px) 100vw, 1024px\" \/><\/figure>\n\n\n\n<div style=\"height:100px\" aria-hidden=\"true\" class=\"wp-block-spacer\"><\/div>\n\n\n\n<h2 class=\"wp-block-heading\">Impressioni<\/h2>\n\n\n\n\t<div id=\"block_4e163136121a0ca3c51075ec2b4b8f1f\" class=\"wp-block-imagegallery  \">\n\t\t<div class=\"wp-block-imagegallery__inner-container gallery-slider\">\n\t\t\t\t\t\t\n\t\t\t\t\t\t\t\n\t\t\t\t\t\t\t\t\n\t\t\t\t\t<div class=\"gallery-stage owl-carousel owl-theme\">\t\t\t\t\n\t\t\t\t\t\t\t\t\t\t\t\t\t<div class=\"bg-image\" style=\"background-image: url(https:\/\/bernina.ultraks.com\/wp-content\/uploads\/2021\/07\/6094_jom_00016-1024x683.jpg);\"><\/div>\n\t\t\t\t\t\t\t\t\t\t\t\t\t<div class=\"bg-image\" style=\"background-image: url(https:\/\/bernina.ultraks.com\/wp-content\/uploads\/2021\/07\/6094_jomls1_00010-1024x684.jpg);\"><\/div>\n\t\t\t\t\t\t\t\t\t\t\t\t\t<div class=\"bg-image\" style=\"background-image: url(https:\/\/bernina.ultraks.com\/wp-content\/uploads\/2021\/07\/6094_jomls1_00048-1024x684.jpg);\"><\/div>\n\t\t\t\t\t\t\t\t\t\t\t\t\t<div class=\"bg-image\" style=\"background-image: url(https:\/\/bernina.ultraks.com\/wp-content\/uploads\/2021\/07\/6094_jomls2_00141-1024x683.jpg);\"><\/div>\n\t\t\t\t\t\t\t\t\t\t\t\t\t<div class=\"bg-image\" style=\"background-image: url(https:\/\/bernina.ultraks.com\/wp-content\/uploads\/2021\/10\/used_4592_mas_01467-1024x768.jpg);\"><\/div>\n\t\t\t\t\t\t\t\t\t\t\t\t\t<div class=\"bg-image\" style=\"background-image: url(https:\/\/bernina.ultraks.com\/wp-content\/uploads\/2021\/10\/used_4592_mas_01287-768x1024.jpg);\"><\/div>\n\t\t\t\t\t\t\t\t\t\t\t\t\t<div class=\"bg-image\" style=\"background-image: url(https:\/\/bernina.ultraks.com\/wp-content\/uploads\/2021\/10\/used_sportograf-130213390-1024x684.jpg);\"><\/div>\n\t\t\t\t\t\t\t\t\t\t\t\t\t<div class=\"bg-image\" style=\"background-image: url(https:\/\/bernina.ultraks.com\/wp-content\/uploads\/2021\/10\/used_sportograf-130214323-1024x683.jpg);\"><\/div>\n\t\t\t\t\t\t\t\t\t\t\t<\/div>\n\t\t\t\t\t\t \n\t\t\t\t\t<div class=\"gallery-thumbnails owl-carousel owl-theme\">\n\t\t\t\t\t\t \t\t\t\t\t\t\t<img loading=\"lazy\" decoding=\"async\" width=\"150\" height=\"150\" src=\"https:\/\/bernina.ultraks.com\/wp-content\/uploads\/2021\/07\/6094_jom_00016-150x150.jpg\" class=\"attachment-thumbnail size-thumbnail\" alt=\"\" srcset=\"https:\/\/bernina.ultraks.com\/wp-content\/uploads\/2021\/07\/6094_jom_00016-150x150.jpg 150w, https:\/\/bernina.ultraks.com\/wp-content\/uploads\/2021\/07\/6094_jom_00016-480x480.jpg 480w\" sizes=\"auto, (max-width: 150px) 100vw, 150px\" \/>\t\t\t\t\t\t \t\t\t\t\t\t\t<img loading=\"lazy\" decoding=\"async\" width=\"150\" height=\"150\" src=\"https:\/\/bernina.ultraks.com\/wp-content\/uploads\/2021\/07\/6094_jomls1_00010-150x150.jpg\" class=\"attachment-thumbnail size-thumbnail\" alt=\"\" srcset=\"https:\/\/bernina.ultraks.com\/wp-content\/uploads\/2021\/07\/6094_jomls1_00010-150x150.jpg 150w, https:\/\/bernina.ultraks.com\/wp-content\/uploads\/2021\/07\/6094_jomls1_00010-480x480.jpg 480w\" sizes=\"auto, (max-width: 150px) 100vw, 150px\" \/>\t\t\t\t\t\t \t\t\t\t\t\t\t<img loading=\"lazy\" decoding=\"async\" width=\"150\" height=\"150\" src=\"https:\/\/bernina.ultraks.com\/wp-content\/uploads\/2021\/07\/6094_jomls1_00048-150x150.jpg\" class=\"attachment-thumbnail size-thumbnail\" alt=\"\" srcset=\"https:\/\/bernina.ultraks.com\/wp-content\/uploads\/2021\/07\/6094_jomls1_00048-150x150.jpg 150w, https:\/\/bernina.ultraks.com\/wp-content\/uploads\/2021\/07\/6094_jomls1_00048-480x480.jpg 480w\" sizes=\"auto, (max-width: 150px) 100vw, 150px\" \/>\t\t\t\t\t\t \t\t\t\t\t\t\t<img loading=\"lazy\" decoding=\"async\" width=\"150\" height=\"150\" src=\"https:\/\/bernina.ultraks.com\/wp-content\/uploads\/2021\/07\/6094_jomls2_00141-150x150.jpg\" class=\"attachment-thumbnail size-thumbnail\" alt=\"\" srcset=\"https:\/\/bernina.ultraks.com\/wp-content\/uploads\/2021\/07\/6094_jomls2_00141-150x150.jpg 150w, https:\/\/bernina.ultraks.com\/wp-content\/uploads\/2021\/07\/6094_jomls2_00141-480x480.jpg 480w\" sizes=\"auto, (max-width: 150px) 100vw, 150px\" \/>\t\t\t\t\t\t \t\t\t\t\t\t\t<img loading=\"lazy\" decoding=\"async\" width=\"150\" height=\"150\" src=\"https:\/\/bernina.ultraks.com\/wp-content\/uploads\/2021\/10\/used_4592_mas_01467-150x150.jpg\" class=\"attachment-thumbnail size-thumbnail\" alt=\"\" srcset=\"https:\/\/bernina.ultraks.com\/wp-content\/uploads\/2021\/10\/used_4592_mas_01467-150x150.jpg 150w, https:\/\/bernina.ultraks.com\/wp-content\/uploads\/2021\/10\/used_4592_mas_01467-480x480.jpg 480w\" sizes=\"auto, (max-width: 150px) 100vw, 150px\" \/>\t\t\t\t\t\t \t\t\t\t\t\t\t<img loading=\"lazy\" decoding=\"async\" width=\"150\" height=\"150\" src=\"https:\/\/bernina.ultraks.com\/wp-content\/uploads\/2021\/10\/used_4592_mas_01287-150x150.jpg\" class=\"attachment-thumbnail size-thumbnail\" alt=\"\" srcset=\"https:\/\/bernina.ultraks.com\/wp-content\/uploads\/2021\/10\/used_4592_mas_01287-150x150.jpg 150w, https:\/\/bernina.ultraks.com\/wp-content\/uploads\/2021\/10\/used_4592_mas_01287-480x480.jpg 480w\" sizes=\"auto, (max-width: 150px) 100vw, 150px\" \/>\t\t\t\t\t\t \t\t\t\t\t\t\t<img loading=\"lazy\" decoding=\"async\" width=\"150\" height=\"150\" src=\"https:\/\/bernina.ultraks.com\/wp-content\/uploads\/2021\/10\/used_sportograf-130213390-150x150.jpg\" class=\"attachment-thumbnail size-thumbnail\" alt=\"\" srcset=\"https:\/\/bernina.ultraks.com\/wp-content\/uploads\/2021\/10\/used_sportograf-130213390-150x150.jpg 150w, https:\/\/bernina.ultraks.com\/wp-content\/uploads\/2021\/10\/used_sportograf-130213390-480x480.jpg 480w\" sizes=\"auto, (max-width: 150px) 100vw, 150px\" \/>\t\t\t\t\t\t \t\t\t\t\t\t\t<img loading=\"lazy\" decoding=\"async\" width=\"150\" height=\"150\" src=\"https:\/\/bernina.ultraks.com\/wp-content\/uploads\/2021\/10\/used_sportograf-130214323-150x150.jpg\" class=\"attachment-thumbnail size-thumbnail\" alt=\"\" srcset=\"https:\/\/bernina.ultraks.com\/wp-content\/uploads\/2021\/10\/used_sportograf-130214323-150x150.jpg 150w, https:\/\/bernina.ultraks.com\/wp-content\/uploads\/2021\/10\/used_sportograf-130214323-480x480.jpg 480w\" sizes=\"auto, (max-width: 150px) 100vw, 150px\" \/>\t\t\t\t\t\t \t\t\t\t\t<\/div>\n\t\t\t\t\t\n\t\t\t\t\t\t\t\t\t\t\n\t\t\t\t\t\t\t\t\t\t\t<script type='text\/javascript' charset='utf-8'>\n\t\t\t\t\t\t\tjQuery('document').ready(function($) {\n\t\t\t\t\t\t\t\tvar $stage = jQuery('.wp-block-imagegallery .gallery-stage');\n\t\t\t\t\t\t\t\tvar $thumbs = jQuery('.wp-block-imagegallery .gallery-thumbnails');\n\t\t\t\t\t\t\t\tvar flag = false;\n\t\t\t\t\t\t\t\tvar duration = 350;\n\t\t\t\t\t\t\t\t\n\t\t\t\t\t\t\t\t$stage.owlCarousel({\n\t\t\t\t\t\t\t\t\tdots: false,\n\t\t\t\t\t\t\t\t\tnav: true,\n\t\t\t\t\t\t\t\t\tnavText: ['<i class=\"fal fa-angle-left\"><\/i>', '<i class=\"fal fa-angle-right\"><\/i>'],\n\t\t\t\t\t\t\t\t\tnavSpeed: duration,\n\t\t\t\t\t\t\t\t\titems: 1,\n\t\t\t\t\t\t\t\t\tmargin: 10,\n\t\t\t\t\t\t\t\t\tloop: false\n\t\t\t\t\t\t\t\t})\n\t\t\t\t\t\t\t\t.on('changed.owl.carousel', function (e) {\n\t\t\t\t\t\t\t\t\tif (!flag) {\n\t\t\t\t\t\t\t\t\t\tflag = true;\n\t\t\t\t\t\t\t\t\t\t$thumbs.trigger('to.owl.carousel', [e.item.index, duration, true]);\n\t\t\t\t\t\t\t\t\t\t$('.owl-item', $thumbs).removeClass('selected').addClass('unselected').eq(e.item.index).addClass('selected').removeClass('unselected');\n\t\t\t\t\t\t\t\t\t\tflag = false;\n\t\t\t\t\t\t\t\t\t}\n\t\t\t\t\t\t\t\t});\n\t\t\t\t\t\t\t\t\n\t\t\t\t\t\t\t\t$thumbs.owlCarousel({\n\t\t\t\t\t\t\t\t\tdots: false,\n\t\t\t\t\t\t\t\t\tnav: false,\n\t\t\t\t\t\t\t\t\titems: 4,\n\t\t\t\t\t\t\t\t\tmargin: 5,\n\t\t\t\t\t\t\t\t\tslideBy: 1,\n\t\t\t\t\t\t\t\t\tresponsive: {\n\t\t\t\t\t\t\t\t\t\t0 : {\n\t\t\t\t\t\t\t\t\t\t\titems: 4,\n\t\t\t\t\t\t\t\t\t\t},\n\t\t\t\t\t\t\t\t\t\t640 : {\n\t\t\t\t\t\t\t\t\t\t\titems: 7,\n\t\t\t\t\t\t\t\t\t\t}\n\t\t\t\t\t\t\t\t\t}\n\t\t\t\t\t\t\t\t})\n\t\t\t\t\t\t\t\t.on('click', '.owl-item', function () {\n\t\t\t\t\t\t\t\t\t$stage.trigger('to.owl.carousel', [jQuery(this).index(), duration, true]);\n\t\t\t\t\t\t\t\t});\n\t\t\t\t\t\t\t});\n\t\t\t\t\t\t <\/script>\n\t\t\t\t\t\t\t\t\t\t\t\t\t\t\t\n\t\t<\/div>\n\t<\/div>\n","protected":false},"excerpt":{"rendered":"Il percorso panoramico Il percorso mozzafiato porta fuori da Pontresina nell&#8217;impressionante mondo montano del Corvatsch. Attraverso la selvaggia e romantica Val Roseg, passando per il ghiacciaio Roseg, si raggiunge il punto pi\u00f9 alto del percorso a Fuorcla Surlej dopo circa 12 km di salita. La ricompensa per la faticosa salita \u00e8 l&#8217;incredibile vista. A 2&#8217;755","protected":false},"author":5,"featured_media":7867,"parent":0,"menu_order":13,"comment_status":"closed","ping_status":"closed","template":"","meta":{"_acf_changed":false,"om_disable_all_campaigns":false,"_monsterinsights_skip_tracking":false,"_monsterinsights_sitenote_active":false,"_monsterinsights_sitenote_note":"","_monsterinsights_sitenote_category":0,"footnotes":""},"class_list":["post post-type-page post-view- post-scope-","status-publish","has-post-thumbnail","clear"],"acf":[],"aioseo_notices":[],"_links":{"self":[{"href":"https:\/\/bernina.ultraks.com\/it\/wp-json\/wp\/v2\/pages\/6311","targetHints":{"allow":["GET"]}}],"collection":[{"href":"https:\/\/bernina.ultraks.com\/it\/wp-json\/wp\/v2\/pages"}],"about":[{"href":"https:\/\/bernina.ultraks.com\/it\/wp-json\/wp\/v2\/types\/page"}],"author":[{"embeddable":true,"href":"https:\/\/bernina.ultraks.com\/it\/wp-json\/wp\/v2\/users\/5"}],"replies":[{"embeddable":true,"href":"https:\/\/bernina.ultraks.com\/it\/wp-json\/wp\/v2\/comments?post=6311"}],"version-history":[{"count":19,"href":"https:\/\/bernina.ultraks.com\/it\/wp-json\/wp\/v2\/pages\/6311\/revisions"}],"predecessor-version":[{"id":8437,"href":"https:\/\/bernina.ultraks.com\/it\/wp-json\/wp\/v2\/pages\/6311\/revisions\/8437"}],"wp:featuredmedia":[{"embeddable":true,"href":"https:\/\/bernina.ultraks.com\/it\/wp-json\/wp\/v2\/media\/7867"}],"wp:attachment":[{"href":"https:\/\/bernina.ultraks.com\/it\/wp-json\/wp\/v2\/media?parent=6311"}],"curies":[{"name":"wp","href":"https:\/\/api.w.org\/{rel}","templated":true}]}}